{"id":2,"date":"2023-07-11T08:44:18","date_gmt":"2023-07-11T08:44:18","guid":{"rendered":"http:\/\/web.mallorca312.lndo.site\/?page_id=2"},"modified":"2023-11-06T14:14:15","modified_gmt":"2023-11-06T14:14:15","slug":"aviso-legal","status":"publish","type":"page","link":"https:\/\/mallorca312.com\/es\/aviso-legal\/","title":{"rendered":"Aviso Legal"},"content":{"rendered":"\r\n<h1>Aviso legal<\/h1>\r\n<p>Condiciones generales de acceso al sitio web www.mallorca.com<\/p>\r\n<p>Se recomienda encarecidamente al usuario que lea y guarde un ejemplar de las presentes condiciones generales, dado que pueden haber cambiado desde que el usuario accedi\u00f3 a ellas por \u00faltima vez, y en todo caso si media un plazo superior a quince d\u00edas desde el \u00faltimo acceso.<\/p>\r\n<p>Los t\u00e9rminos y condiciones que a continuaci\u00f3n se indican regulan el acceso y el uso de la direcci\u00f3n URL www.mallorca312.com (en adelante el WEBSITE) propiedad de 312 Bike &amp; Tours SLU (en adelante 312 Bike &amp; Tours).<\/p>\r\n<p>Identificaci\u00f3n de las partes:<\/p>\r\n<p>De una parte, el titular del WEBSITE: 312 Bike &amp; Tours SLU (en adelante 312 Bike &amp; Tours) con domicilio social en Carrer de Rafel Blanes, 90, 07570, Art\u00e0, Illes Balears, inscrita en el Registro Mercantil de Palma de Mallorca el 7 de julio de 2016, en el Tomo 2.666 del Archivo, Secci\u00f3n General, folio 26, secci\u00f3n 8, hoja n\u00famero PM-79.193, inscripci\u00f3n 1\u00aa, e identificada fiscalmente por el Ministerio de Econom\u00eda y Hacienda de Espa\u00f1a con el n\u00famero de CIF: B-57.967.622.<\/p>\r\n<p>De otra parte, el USUARIO, que accede a la p\u00e1gina para informarse y en su caso inscribirse a las actividades ofertadas a trav\u00e9s del WEBSITE. El Usuario declara que es mayor de edad (mayor de 18 a\u00f1os) y tiene la capacidad legal necesaria para contratar y para utilizar el WEBSITE seg\u00fan las condiciones generales que a continuaci\u00f3n se detallan, las cuales declara comprender y aceptar expresamente. En caso de ser menor de edad, el acceso se realizar\u00e1 siempre bajo la supervisi\u00f3n de su tutor legal y bajo la responsabilidad de \u00e9ste.<\/p>\r\n<p>En virtud de lo anterior, el USUARIO lee, comprende y acepta las siguientes CONDICIONES GENERALES:<\/p>\r\n<ol>\r\n<li>La utilizaci\u00f3n del sitio web no conlleva la obligatoriedad de inscripci\u00f3n del USUARIO en los eventos deportivos que se ofrezcan, ni el derecho a considerarse inscrito. A tal fin, el USUARIO deber\u00e1 registrarse o inscribirse cumplimentando un formulario, y esta inscripci\u00f3n se regir\u00e1 por las condiciones generales espec\u00edficas.<\/li>\r\n<li>Antes inscribirse en cualquier evento deportivo que se oferte en el WEBSITE, o realizar cualquier compra que sus enlaces permitan, el USUARIO leer\u00e1 y aceptar\u00e1, si a su derecho conviene, las condiciones de inscripci\u00f3n y\/o venta. La inscripci\u00f3n y\/o la compra de cualquier producto s\u00f3lo ser\u00e1\/n efectiva\/s en el momento en que la pasarela de pagos a que se redirige el WEBSITE realice el cargo de manera v\u00e1lida en la tarjeta de cr\u00e9dito suministrada y se confirme la inscripci\u00f3n o la compra efectuada de forma expresa.<\/li>\r\n<li>La totalidad de esta WEBSITE: texto, im\u00e1genes, marcas, gr\u00e1ficos, logotipos, botones, archivos de software, combinaciones de colores, as\u00ed como la estructura, selecci\u00f3n, ordenaci\u00f3n y presentaci\u00f3n de sus contenidos, es propiedad de 312 Bike &amp; Tours y queda prohibida su reproducci\u00f3n, distribuci\u00f3n, comunicaci\u00f3n p\u00fablica y transformaci\u00f3n. Asimismo, queda prohibida la reproducci\u00f3n, retransmisi\u00f3n, copia, cesi\u00f3n o radiodifusi\u00f3n, total o parcial, de la informaci\u00f3n contenida en estas p\u00e1ginas, cualquiera que fuera su finalidad y el medio utilizado para ello, salvo permiso del 312 Bike &amp; Tours y siempre sujeto a las condiciones de dicho permiso y a la finalidad del mismo.<\/li>\r\n<li>312 Bike &amp; Tours se reserva el derecho a modificar, limitar o cancelar los t\u00e9rminos y condiciones aplicables al WEBSITE referido anteriormente, siempre y cuando se realice un aviso con una antelaci\u00f3n m\u00ednima de 15 d\u00edas. El preaviso se efectuar\u00e1 mediante una ventana emergente (pop window), que se abrir\u00e1 al acceder a la p\u00e1gina, o una notificaci\u00f3n al usuario que se realizar\u00e1 con car\u00e1cter previo a la modificaci\u00f3n, limitaci\u00f3n o cancelaci\u00f3n.<\/li>\r\n<li>312 Bike &amp; Tours se reserva el derecho a denegar o retirar el acceso al Portal y\/o a los Servicios, en cualquier momento y sin necesidad de previo aviso a aquellos USUARIOS que incumplan estas Condiciones Generales.<\/li>\r\n<li>Las pantallas del WEBSITE est\u00e1n optimizadas para su utilizaci\u00f3n con navegador bajo entorno Windows. Los USUARIOS que accedan al WEBSITE mediante dispositivos que cuenten con pantallas de formato reducido, manifiestan haber accedido previamente mediante un dispositivo con navegador bajo entorno Windows, y haber consultado las condiciones de la web y todos los avisos puestos a disposici\u00f3n del destinatario sin ning\u00fan tipo de restricci\u00f3n.<\/li>\r\n<li>Dentro del WEBSITE puede haber enlaces a otros webs sobre los cuales 312 Bike &amp; Tours no tiene control y de los que obviamente no se hace responsable. 312 Bike &amp; Tours no patrocina o garantiza ninguno de estos webs de terceros.<\/li>\r\n<li>Los Usuarios no podr\u00e1n establecer enlaces a p\u00e1ginas web del WEBSITE sin consentimiento escrito de 312 Bike &amp; Tours. Tampoco podr\u00e1n realizar sin la debida autorizaci\u00f3n cualquier tipo de publicidad o informaci\u00f3n comercial directamente o de forma encubierta, el env\u00edo de correos masivos (\u201cspaming\u201d) o env\u00edo de grandes mensajes con el fin de bloquear servidores de la red (\u201cmail bombing\u201d).<\/li>\r\n<li>312 Bike &amp; Tours se compromete a actuar con la m\u00e1xima diligencia al efecto de que los datos que aparezcan en el WEBSITE sean en todo momento veraces y est\u00e9n actualizados. Sin embargo, en algunas ocasiones por causas ajenas a la voluntad de 312 Bike &amp; Tours puede existir alg\u00fan error tipogr\u00e1fico, comprometi\u00e9ndose 312 Bike &amp; Tours en tales casos a subsanar tales erratas a la mayor brevedad. Asimismo, si alg\u00fan precio contuviese alguna errata y alg\u00fan USUARIO se hubiese visto afectado por la misma de forma involuntaria, y no hubiese podido razonablemente advertir el error, 312 Bike &amp; Tours mantendr\u00e1 a dicho USUARIO el precio inicialmente ofertado.<\/li>\r\n<li>312 Bike &amp; Tours no se har\u00e1 responsable, directa ni subsidiariamente de:<\/li>\r\n<\/ol>\r\n<p>La informaci\u00f3n introducida por usuarios, colaboradores y terceras personas.<\/p>\r\n<p>La infracci\u00f3n por el USUARIO de los derechos de propiedad intelectual e industrial, de los derechos al honor, a la intimidad personal y familiar y a la imagen de las personas (fotograf\u00edas), de los derechos de propiedad y de toda otra naturaleza pertenecientes a un tercero como consecuencia de la transmisi\u00f3n, difusi\u00f3n, almacenamiento, puesta a disposici\u00f3n, recepci\u00f3n, obtenci\u00f3n o acceso a los contenidos.<\/p>\r\n<p>Los enlaces e hipertexto que posibiliten, a trav\u00e9s del WEBSITE acceder al USUARIO a prestaciones y servicios ofrecidos por terceros, no pertenecen ni se encuentran bajo el control de 312 Bike &amp; Tours; no ser\u00e1 responsable ni de la informaci\u00f3n contenida en los mismos ni de cualesquiera efectos que pudieran derivarse de dicha informaci\u00f3n.<\/p>\r\n<ol start=\"11\">\r\n<li>El USUARIO declara haber le\u00eddo, entendido y aceptar las Condiciones de Privacidad y Protecci\u00f3n de Datos Personales del WEBSITE.<\/li>\r\n<li>Las presentes condiciones estar\u00e1n sometidas a la legislaci\u00f3n espa\u00f1ola. Ser\u00e1n competentes para conocer de cualquier litigio que se derive de las presentes condiciones los tribunales del domicilio del USUARIO, siempre que \u00e9ste lo sea en su condici\u00f3n de consumidor y no se acceda con otra finalidad. En este segundo caso, para los accesos dentro de la esfera profesional del usuario, ser\u00e1 fuero exclusivo el de los Tribunales de Palma de Mallorca.<\/li>\r\n<li>En caso de que cualquier cl\u00e1usula del presente documento sea anulada o se deje sin efecto por cualquier causa, las dem\u00e1s cl\u00e1usulas seguir\u00e1n vigentes y se interpretar\u00e1n teniendo en cuenta la finalidad del WEBSITE y de las presentes condiciones.<\/li>\r\n<li>El no ejercicio por cualquiera de las partes de los derechos y facultades conferidos en las condiciones generales no implicar\u00e1 en ning\u00fan caso la renuncia a los mismos salvo reconocimiento expreso por parte de ambas partes.<\/li>\r\n<\/ol>\r\n","protected":false},"excerpt":{"rendered":"<p>Aviso legal Condiciones generales de acceso al sitio web www.mallorca.com Se recomienda encarecidamente al usuario que lea y guarde un ejemplar de las presentes condiciones generales, dado que pueden haber cambiado desde que el usuario accedi\u00f3 a ellas por \u00faltima vez, y en todo caso si media un plazo superior a quince d\u00edas desde el [&hellip;]<\/p>\n","protected":false},"author":1,"featured_media":0,"parent":0,"menu_order":0,"comment_status":"closed","ping_status":"closed","template":"page_legal.php","meta":{"footnotes":""},"class_list":["post-2","page","type-page","status-publish","hentry"],"acf":[],"_links":{"self":[{"href":"https:\/\/mallorca312.com\/es\/wp-json\/wp\/v2\/pages\/2","targetHints":{"allow":["GET"]}}],"collection":[{"href":"https:\/\/mallorca312.com\/es\/wp-json\/wp\/v2\/pages"}],"about":[{"href":"https:\/\/mallorca312.com\/es\/wp-json\/wp\/v2\/types\/page"}],"author":[{"embeddable":true,"href":"https:\/\/mallorca312.com\/es\/wp-json\/wp\/v2\/users\/1"}],"replies":[{"embeddable":true,"href":"https:\/\/mallorca312.com\/es\/wp-json\/wp\/v2\/comments?post=2"}],"version-history":[{"count":4,"href":"https:\/\/mallorca312.com\/es\/wp-json\/wp\/v2\/pages\/2\/revisions"}],"predecessor-version":[{"id":783,"href":"https:\/\/mallorca312.com\/es\/wp-json\/wp\/v2\/pages\/2\/revisions\/783"}],"wp:attachment":[{"href":"https:\/\/mallorca312.com\/es\/wp-json\/wp\/v2\/media?parent=2"}],"curies":[{"name":"wp","href":"https:\/\/api.w.org\/{rel}","templated":true}]}}