{"id":454,"date":"2023-09-15T13:45:58","date_gmt":"2023-09-15T13:45:58","guid":{"rendered":"https:\/\/mallorca312.com\/?page_id=454"},"modified":"2023-11-06T14:14:32","modified_gmt":"2023-11-06T14:14:32","slug":"politica-de-cookies","status":"publish","type":"page","link":"https:\/\/mallorca312.com\/es\/politica-de-cookies\/","title":{"rendered":"Pol\u00edtica de cookies"},"content":{"rendered":"<h1>Pol\u00edtica de cookies<\/h1>\n<p style=\"margin-top: 0cm;\"><span style=\"font-family: 'Arial',sans-serif; color: #212121;\">Las cookies son peque\u00f1os archivos de datos que se reciben en el terminal desde el sitio Web visitado y se usan para registrar ciertas interacciones de la navegaci\u00f3n en un sitio Web almacenando datos que podr\u00e1n ser actualizados y recuperados. Estos archivos se utilizan para recordar las preferencias del usuario, como el idioma seleccionado, datos de acceso o personalizaci\u00f3n de la p\u00e1gina, as\u00ed como para registrar informaci\u00f3n an\u00f3nima acerca de c\u00f3mo un visitante utiliza un sitio y desde qu\u00e9 p\u00e1gina Web ha accedido.<\/span><\/p>\n<p style=\"margin-top: 0cm;\"><span style=\"font-family: 'Arial',sans-serif; color: #212121;\">\u00bfPor qu\u00e9 Milestone Series utiliza cookies? Milestone Series utiliza cookies estrictamente necesarias y esenciales para que usted utilice nuestros sitios Web y le permitan moverse libremente, utilizar \u00e1reas seguras, opciones personalizadas, etc. Adem\u00e1s, Milestone Series utiliza cookies que recogen datos relativos al an\u00e1lisis de uso de la Web. \u00c9stas se utilizan para ayudar a mejorar el servicio al cliente, midiendo el uso y el rendimiento de la p\u00e1gina, para optimizarla y personalizarla. Nuestros sitios tambi\u00e9n pueden tener enlaces de redes sociales (como Facebook o Twitter).<\/span><\/p>\n<p style=\"margin-top: 0cm;\"><span style=\"font-family: 'Arial',sans-serif; color: #212121;\">Milestone Series no controla las cookies utilizadas por Web externas. Para m\u00e1s informaci\u00f3n sobre las cookies de las redes sociales u otras Webs ajenas, aconsejamos revisar sus propias pol\u00edticas de cookies. Las cookies de publicidad permiten a trav\u00e9s de la gesti\u00f3n de la publicidad almacenar informaci\u00f3n del comportamiento a trav\u00e9s de la observaci\u00f3n de h\u00e1bitos, estudiando los accesos y formando un perfil de preferencias del usuario, para ofrecerle publicidad relacionada con los intereses de su perfil. Para cumplir con la legislaci\u00f3n vigente, tenemos que pedir su permiso para gestionar cookies.<\/span><\/p>\n<p style=\"margin-top: 0cm;\"><span style=\"font-family: 'Arial',sans-serif; color: #212121;\">Si decide no autorizar el tratamiento indic\u00e1ndonos su no conformidad, s\u00f3lo usar\u00edamos las cookies t\u00e9cnicas, puesto que son imprescindibles para la navegaci\u00f3n por nuestra Web. En este caso, no se almacena ninguna cookie. En el caso de aceptar la pol\u00edtica de cookies t\u00e1citamente y seguir navegando por nuestro sitio Web sin denegar su autorizaci\u00f3n implica que acepta su uso. Si decide modificar la configuraci\u00f3n de su acceso a la p\u00e1gina Web, debe saber que es posible eliminar las cookies o impedir que se registre esta informaci\u00f3n en su equipo en cualquier momento mediante la modificaci\u00f3n de los par\u00e1metros de configuraci\u00f3n de su navegador:<\/span><\/p>\n<p style=\"margin-top: 0cm;\"><a href=\"http:\/\/windows.microsoft.com\/es-es\/windows-vista\/block-or-allow-cookies\" target=\"_blank\" rel=\"noopener\"><span style=\"font-family: 'Arial',sans-serif;\">Configuraci\u00f3n de cookies de Internet Explorer<\/span><\/a><\/p>\n<p style=\"margin-top: 0cm;\"><a href=\"https:\/\/support.mozilla.org\/es\/kb\/habilitar-y-deshabilitar-cookies-que-los-sitios-we\" target=\"_blank\" rel=\"noopener\"><span style=\"font-family: 'Arial',sans-serif;\">Configuraci\u00f3n de cookies de Firefox<\/span><\/a><\/p>\n<p style=\"margin-top: 0cm;\"><a href=\"https:\/\/support.google.com\/chrome\/answer\/95647?hl=es\" target=\"_blank\" rel=\"noopener\"><span style=\"font-family: 'Arial',sans-serif;\">Configuraci\u00f3n de cookies de Google Chrome<\/span><\/a><\/p>\n<p style=\"margin-top: 0cm;\"><a href=\"https:\/\/support.apple.com\/es-es\/HT201265\" target=\"_blank\" rel=\"noopener\"><span style=\"font-family: 'Arial',sans-serif;\">Configuraci\u00f3n de cookies de Safari<\/span><\/a><\/p>\n<p style=\"margin-top: 0cm;\"><span style=\"font-family: 'Arial',sans-serif; color: #212121;\">Estos navegadores est\u00e1n sometidos a actualizaciones o modificaciones, por lo que no podemos garantizar que se ajusten completamente a la versi\u00f3n de su navegador.<\/span><\/p>\n<p style=\"margin-top: 0cm;\"><span style=\"font-family: 'Arial',sans-serif; color: #212121;\">Adem\u00e1s, usted puede configurar su navegador para establecer que s\u00f3lo los sitios Web de confianza o las p\u00e1ginas por las que est\u00e1 navegando en este momento puedan gestionar cookies lo que le permite seleccionar sus preferencias.<\/span><\/p>\n","protected":false},"excerpt":{"rendered":"<p>Pol\u00edtica de cookies Las cookies son peque\u00f1os archivos de datos que se reciben en el terminal desde el sitio Web visitado y se usan para registrar ciertas interacciones de la navegaci\u00f3n en un sitio Web almacenando datos que podr\u00e1n ser actualizados y recuperados. Estos archivos se utilizan para recordar las preferencias del usuario, como el [&hellip;]<\/p>\n","protected":false},"author":1,"featured_media":0,"parent":0,"menu_order":0,"comment_status":"closed","ping_status":"closed","template":"page_legal.php","meta":{"footnotes":""},"class_list":["post-454","page","type-page","status-publish","hentry"],"acf":[],"_links":{"self":[{"href":"https:\/\/mallorca312.com\/es\/wp-json\/wp\/v2\/pages\/454","targetHints":{"allow":["GET"]}}],"collection":[{"href":"https:\/\/mallorca312.com\/es\/wp-json\/wp\/v2\/pages"}],"about":[{"href":"https:\/\/mallorca312.com\/es\/wp-json\/wp\/v2\/types\/page"}],"author":[{"embeddable":true,"href":"https:\/\/mallorca312.com\/es\/wp-json\/wp\/v2\/users\/1"}],"replies":[{"embeddable":true,"href":"https:\/\/mallorca312.com\/es\/wp-json\/wp\/v2\/comments?post=454"}],"version-history":[{"count":3,"href":"https:\/\/mallorca312.com\/es\/wp-json\/wp\/v2\/pages\/454\/revisions"}],"predecessor-version":[{"id":787,"href":"https:\/\/mallorca312.com\/es\/wp-json\/wp\/v2\/pages\/454\/revisions\/787"}],"wp:attachment":[{"href":"https:\/\/mallorca312.com\/es\/wp-json\/wp\/v2\/media?parent=454"}],"curies":[{"name":"wp","href":"https:\/\/api.w.org\/{rel}","templated":true}]}}